{"id":9,"date":"2024-04-04T21:18:48","date_gmt":"2024-04-04T19:18:48","guid":{"rendered":"https:\/\/detinedame.cz\/?page_id=9"},"modified":"2024-04-05T12:56:48","modified_gmt":"2024-04-05T10:56:48","slug":"intro","status":"publish","type":"page","link":"https:\/\/detinedame.cz\/","title":{"rendered":""},"content":{"rendered":"\t\t<div data-elementor-type=\"wp-page\" data-elementor-id=\"9\" class=\"elementor elementor-9\">\n\t\t\t\t<div class=\"elementor-element elementor-element-b2dcc1b elementor-hidden-tablet elementor-hidden-mobile e-flex e-con-boxed e-con e-parent\" data-id=\"b2dcc1b\" data-element_type=\"container\" data-e-type=\"container\">\n\t\t\t\t\t<div class=\"e-con-inner\">\n\t\t\t\t<div class=\"elementor-element elementor-element-b8adf61 elementor-widget elementor-widget-spacer\" data-id=\"b8adf61\" data-element_type=\"widget\" data-e-type=\"widget\" data-widget_type=\"spacer.default\">\n\t\t\t\t<div class=\"elementor-widget-container\">\n\t\t\t\t\t\t\t<div class=\"elementor-spacer\">\n\t\t\t<div class=\"elementor-spacer-inner\"><\/div>\n\t\t<\/div>\n\t\t\t\t\t\t<\/div>\n\t\t\t\t<\/div>\n\t\t\t\t\t<\/div>\n\t\t\t\t<\/div>\n\t\t<div class=\"elementor-element elementor-element-dc7c9ab e-con-full e-flex e-con e-parent\" data-id=\"dc7c9ab\" data-element_type=\"container\" data-e-type=\"container\" data-settings=\"{&quot;background_background&quot;:&quot;classic&quot;}\">\n\t\t\t\t<div class=\"elementor-element elementor-element-2cafab2 text-center elementor-widget elementor-widget-tp-heading-title\" data-id=\"2cafab2\" data-element_type=\"widget\" data-e-type=\"widget\" data-widget_type=\"tp-heading-title.default\">\n\t\t\t\t<div class=\"elementor-widget-container\">\n\t\t\t\t\t<div class=\"heading heading_style heading_style69e5fd08a51f5 style-1 animate-general\"  data-animate-type=\"transition.fadeIn\" data-animate-delay=\"50\" data-animate-offset=\"85%\" data-animate-out-type=\"transition.fadeOut\" data-animate-out-delay=\"50\"><div class=\"sub-style\" ><div class=\"sub-heading\"><h1 class=\"heading-sub-title  \"> \u017denou n\u00e1s do v\u00e1lky <\/h1><\/div><div class=\"head-title \" > <h1  class=\"heading-title   \"  data-hover=\"Na\u0161e d\u011bti v\u00e1m\">Na\u0161e d\u011bti v\u00e1m<span class=\"title-s \"> ned\u00e1me ! <\/span><\/h1><\/div><\/div><\/div>\t\t\t\t<\/div>\n\t\t\t\t<\/div>\n\t\t\t\t<\/div>\n\t\t<div class=\"elementor-element elementor-element-a51839a e-flex e-con-boxed e-con e-parent\" data-id=\"a51839a\" data-element_type=\"container\" data-e-type=\"container\" data-settings=\"{&quot;background_background&quot;:&quot;classic&quot;}\">\n\t\t\t\t\t<div class=\"e-con-inner\">\n\t\t\t\t<div class=\"elementor-element elementor-element-edc480b elementor-widget elementor-widget-spacer\" data-id=\"edc480b\" data-element_type=\"widget\" data-e-type=\"widget\" data-widget_type=\"spacer.default\">\n\t\t\t\t<div class=\"elementor-widget-container\">\n\t\t\t\t\t\t\t<div class=\"elementor-spacer\">\n\t\t\t<div class=\"elementor-spacer-inner\"><\/div>\n\t\t<\/div>\n\t\t\t\t\t\t<\/div>\n\t\t\t\t<\/div>\n\t\t\t\t\t<\/div>\n\t\t\t\t<\/div>\n\t\t<div class=\"elementor-element elementor-element-fac464b e-flex e-con-boxed e-con e-parent\" data-id=\"fac464b\" data-element_type=\"container\" data-e-type=\"container\" data-settings=\"{&quot;background_background&quot;:&quot;classic&quot;}\">\n\t\t\t\t\t<div class=\"e-con-inner\">\n\t\t\t\t<div class=\"elementor-element elementor-element-05a3785 elementor-widget elementor-widget-tp-video-player\" data-id=\"05a3785\" data-element_type=\"widget\" data-e-type=\"widget\" data-widget_type=\"tp-video-player.default\">\n\t\t\t\t<div class=\"elementor-widget-container\">\n\t\t\t\t\t<div class=\"pt_plus_video-box-shadow video_player69e5fd08a5fb1 \" ><div class=\"pt_plus_video_player   text-\"><div class=\"ts-video-wrapper ts-type-self-hosted\"><video width=\"100%\"  autoplay loop  controls > <source src=\"https:\/\/detinedame.cz\/wp-content\/uploads\/2024\/04\/deti-nedame-opti.mp4\" type=\"video\/mp4\" ><\/video><\/div><\/div><\/div>\t\t\t\t<\/div>\n\t\t\t\t<\/div>\n\t\t\t\t\t<\/div>\n\t\t\t\t<\/div>\n\t\t<div class=\"elementor-element elementor-element-812aed8 e-flex e-con-boxed e-con e-parent\" data-id=\"812aed8\" data-element_type=\"container\" data-e-type=\"container\" data-settings=\"{&quot;background_background&quot;:&quot;classic&quot;}\">\n\t\t\t\t\t<div class=\"e-con-inner\">\n\t\t\t\t<div class=\"elementor-element elementor-element-8418de2 elementor-widget elementor-widget-eael-creative-button\" data-id=\"8418de2\" data-element_type=\"widget\" data-e-type=\"widget\" data-widget_type=\"eael-creative-button.default\">\n\t\t\t\t<div class=\"elementor-widget-container\">\n\t\t\t\t\t        <div class=\"eael-creative-button-wrapper\">\n\n            <a class=\"eael-creative-button eael-creative-button--default\" href=\"https:\/\/detinedame.cz\/wp-content\/uploads\/2024\/04\/Deti-nedame-v8-1.mp4\" data-text=\"Video ke sta\u017een\u00ed - pln\u00e1 kvalita\">\n\n\t    \n                <div class=\"creative-button-inner\">\n\n                    \n                    <span class=\"cretive-button-text\">Video ke sta\u017een\u00ed - pln\u00e1 kvalita<\/span>\n\n                                    <\/div>\n\t                        <\/a>\n        <\/div>\n\t\t\t\t<\/div>\n\t\t\t\t<\/div>\n\t\t\t\t<div class=\"elementor-element elementor-element-97571ce elementor-widget elementor-widget-eael-creative-button\" data-id=\"97571ce\" data-element_type=\"widget\" data-e-type=\"widget\" data-widget_type=\"eael-creative-button.default\">\n\t\t\t\t<div class=\"elementor-widget-container\">\n\t\t\t\t\t        <div class=\"eael-creative-button-wrapper\">\n\n            <a class=\"eael-creative-button eael-creative-button--default\" href=\"https:\/\/detinedame.cz\/wp-content\/uploads\/2024\/04\/deti-nedame-opti.mp4\" data-text=\"Video ke sta\u017een\u00ed - n\u00edzk\u00e1 kvalita\">\n\n\t    \n                <div class=\"creative-button-inner\">\n\n                    \n                    <span class=\"cretive-button-text\">Video ke sta\u017een\u00ed - n\u00edzk\u00e1 kvalita<\/span>\n\n                                    <\/div>\n\t                        <\/a>\n        <\/div>\n\t\t\t\t<\/div>\n\t\t\t\t<\/div>\n\t\t\t\t\t<\/div>\n\t\t\t\t<\/div>\n\t\t<div class=\"elementor-element elementor-element-a960003 e-flex e-con-boxed e-con e-parent\" data-id=\"a960003\" data-element_type=\"container\" data-e-type=\"container\" data-settings=\"{&quot;background_background&quot;:&quot;classic&quot;}\">\n\t\t\t\t\t<div class=\"e-con-inner\">\n\t\t\t\t<div class=\"elementor-element elementor-element-106c994 elementor-widget elementor-widget-spacer\" data-id=\"106c994\" data-element_type=\"widget\" data-e-type=\"widget\" data-widget_type=\"spacer.default\">\n\t\t\t\t<div class=\"elementor-widget-container\">\n\t\t\t\t\t\t\t<div class=\"elementor-spacer\">\n\t\t\t<div class=\"elementor-spacer-inner\"><\/div>\n\t\t<\/div>\n\t\t\t\t\t\t<\/div>\n\t\t\t\t<\/div>\n\t\t\t\t\t<\/div>\n\t\t\t\t<\/div>\n\t\t<div class=\"elementor-element elementor-element-42b25bb e-flex e-con-boxed e-con e-parent\" data-id=\"42b25bb\" data-element_type=\"container\" data-e-type=\"container\" data-settings=\"{&quot;background_background&quot;:&quot;classic&quot;}\">\n\t\t\t\t\t<div class=\"e-con-inner\">\n\t\t\t\t<div class=\"elementor-element elementor-element-9490e7b elementor-widget elementor-widget-text-editor\" data-id=\"9490e7b\" data-element_type=\"widget\" data-e-type=\"widget\" data-widget_type=\"text-editor.default\">\n\t\t\t\t<div class=\"elementor-widget-container\">\n\t\t\t\t\t\t\t\t\t<p>\u00a0<\/p><p><span style=\"color: #ffffff;\"><strong>Pokud nebude zp\u011bv m\u00edru stejn\u011b hlasit\u00fd jako v\u00e1le\u010dn\u00e9 bubny, budeme se po\u0159\u00e1d p\u0159ibli\u017eovat k v\u00e1lce.\u00a0<\/strong><\/span><\/p><div><span style=\"color: #ffffff;\"><strong>Pokud vol\u00e1n\u00ed po m\u00edru nebude stejn\u011b siln\u00e9, jako p\u0159\u00edpravy na v\u00e1lku, pak zv\u00edt\u011bz\u00ed v\u00e1lka.\u00a0<\/strong><\/span><\/div><div style=\"padding-left: 40px;\">\u00a0<\/div><div><span style=\"color: #ff0000;\"><strong>Pomozte n\u00e1m, b\u00fdt hlasit\u00ed. Pomozte n\u00e1m volat po <span style=\"text-decoration: underline;\"><span style=\"color: #ffffff; text-decoration: underline;\">m\u00edru<\/span><\/span>. Sta\u0148te se <span style=\"color: #ffffff;\"><span style=\"color: #ff0000;\">sou\u010d\u00e1st\u00ed <\/span><span style=\"text-decoration: underline;\">protiv\u00e1le\u010dn\u00e9<\/span><\/span> iniciativy.\u00a0<\/strong><\/span><\/div><div><span style=\"color: #ff0000;\"><strong>Pomozte n\u00e1m financovat <span style=\"text-decoration: underline;\"><span style=\"color: #ffffff; text-decoration: underline;\">m\u00edrovou<\/span><\/span> kampa\u0148. Ka\u017ed\u00e1 koruna bude pou\u017eita, aby vol\u00e1n\u00ed po <span style=\"text-decoration: underline;\"><span style=\"color: #ffffff; text-decoration: underline;\">m\u00edru<\/span><\/span> bylo vid\u011bt i sly\u0161et\u00a0na soci\u00e1ln\u00edch s\u00edt\u00edch, billboardech i dal\u0161\u00edch audiovizu\u00e1ln\u00edch prost\u0159edc\u00edch.\u00a0<\/strong><\/span><\/div><div style=\"padding-left: 40px;\">\u00a0<\/div><div><span style=\"color: #4d79fa;\"><strong>Pokud nebudeme mluvit o <span style=\"text-decoration: underline;\"><span style=\"color: #ffffff; text-decoration: underline;\">m\u00edru<\/span><\/span>, bude se mluvit o <span style=\"color: #ff0000;\">v\u00e1lce<\/span>!<\/strong><\/span><\/div><div style=\"padding-left: 40px;\">\u00a0<\/div><h2><span style=\"color: #3366ff;\"><strong><span style=\"color: #ffffff;\">\u010d.\u00fa.:<\/span>\u00a0 <span style=\"color: #4d79fa;\">260 275 4124\/2010<\/span><\/strong><\/span><\/h2><p>\u00a0<\/p>\t\t\t\t\t\t\t\t<\/div>\n\t\t\t\t<\/div>\n\t\t\t\t\t<\/div>\n\t\t\t\t<\/div>\n\t\t\t\t<\/div>\n\t\t","protected":false},"excerpt":{"rendered":"<p>\u017denou n\u00e1s do v\u00e1lky Na\u0161e d\u011bti v\u00e1m ned\u00e1me ! Video ke sta\u017een\u00ed &#8211; pln\u00e1 kvalita Video ke sta\u017een\u00ed &#8211; n\u00edzk\u00e1 kvalita \u00a0 [&hellip;]<\/p>\n","protected":false},"author":1,"featured_media":0,"parent":0,"menu_order":0,"comment_status":"closed","ping_status":"closed","template":"","meta":{"footnotes":""},"class_list":["post-9","page","type-page","status-publish","hentry"],"yoast_head":"<!-- This site is optimized with the Yoast SEO plugin v27.4 - https:\/\/yoast.com\/product\/yoast-seo-wordpress\/ -->\n<title>- Na\u0161e d\u011bti v\u00e1m ned\u00e1me<\/title>\n<meta name=\"description\" content=\"Vl\u00e1da chce zat\u00e1hnout \u010ceskou republiku do v\u00e1lky. My sv\u00e9 d\u011bti ned\u00e1me! D\u016fvody vzniku, p\u0159\u00edpravy evropsk\u00fdch st\u00e1t\u016f na v\u00e1lku a mnohem v\u00edc!\" \/>\n<meta name=\"robots\" content=\"index, follow, max-snippet:-1, max-image-preview:large, max-video-preview:-1\" \/>\n<link rel=\"canonical\" href=\"https:\/\/detinedame.cz\/\" \/>\n<meta property=\"og:locale\" content=\"cs_CZ\" \/>\n<meta property=\"og:type\" content=\"article\" \/>\n<meta property=\"og:title\" content=\"- Na\u0161e d\u011bti v\u00e1m ned\u00e1me\" \/>\n<meta property=\"og:description\" content=\"Vl\u00e1da chce zat\u00e1hnout \u010ceskou republiku do v\u00e1lky. My sv\u00e9 d\u011bti ned\u00e1me! D\u016fvody vzniku, p\u0159\u00edpravy evropsk\u00fdch st\u00e1t\u016f na v\u00e1lku a mnohem v\u00edc!\" \/>\n<meta property=\"og:url\" content=\"https:\/\/detinedame.cz\/\" \/>\n<meta property=\"og:site_name\" content=\"Na\u0161e d\u011bti v\u00e1m ned\u00e1me\" \/>\n<meta property=\"article:modified_time\" content=\"2024-04-05T10:56:48+00:00\" \/>\n<meta name=\"twitter:card\" content=\"summary_large_image\" \/>\n<meta name=\"twitter:label1\" content=\"Odhadovan\u00e1 doba \u010dten\u00ed\" \/>\n\t<meta name=\"twitter:data1\" content=\"1 minuta\" \/>\n<script type=\"application\/ld+json\" class=\"yoast-schema-graph\">{\"@context\":\"https:\\\/\\\/schema.org\",\"@graph\":[{\"@type\":\"WebPage\",\"@id\":\"https:\\\/\\\/detinedame.cz\\\/\",\"url\":\"https:\\\/\\\/detinedame.cz\\\/\",\"name\":\"- Na\u0161e d\u011bti v\u00e1m ned\u00e1me\",\"isPartOf\":{\"@id\":\"https:\\\/\\\/detinedame.cz\\\/#website\"},\"datePublished\":\"2024-04-04T19:18:48+00:00\",\"dateModified\":\"2024-04-05T10:56:48+00:00\",\"description\":\"Vl\u00e1da chce zat\u00e1hnout \u010ceskou republiku do v\u00e1lky. My sv\u00e9 d\u011bti ned\u00e1me! D\u016fvody vzniku, p\u0159\u00edpravy evropsk\u00fdch st\u00e1t\u016f na v\u00e1lku a mnohem v\u00edc!\",\"inLanguage\":\"cs\",\"potentialAction\":[{\"@type\":\"ReadAction\",\"target\":[\"https:\\\/\\\/detinedame.cz\\\/\"]}]},{\"@type\":\"WebSite\",\"@id\":\"https:\\\/\\\/detinedame.cz\\\/#website\",\"url\":\"https:\\\/\\\/detinedame.cz\\\/\",\"name\":\"Na\u0161e d\u011bti v\u00e1m ned\u00e1me\",\"description\":\"Nedovol\u00edme vl\u00e1d\u011b \u010cR aktivn\u00ed zapojen\u00ed do v\u00e1lky na Ukrajin\u011b\",\"potentialAction\":[{\"@type\":\"SearchAction\",\"target\":{\"@type\":\"EntryPoint\",\"urlTemplate\":\"https:\\\/\\\/detinedame.cz\\\/?s={search_term_string}\"},\"query-input\":{\"@type\":\"PropertyValueSpecification\",\"valueRequired\":true,\"valueName\":\"search_term_string\"}}],\"inLanguage\":\"cs\"}]}<\/script>\n<!-- \/ Yoast SEO plugin. -->","yoast_head_json":{"title":"- Na\u0161e d\u011bti v\u00e1m ned\u00e1me","description":"Vl\u00e1da chce zat\u00e1hnout \u010ceskou republiku do v\u00e1lky. My sv\u00e9 d\u011bti ned\u00e1me! D\u016fvody vzniku, p\u0159\u00edpravy evropsk\u00fdch st\u00e1t\u016f na v\u00e1lku a mnohem v\u00edc!","robots":{"index":"index","follow":"follow","max-snippet":"max-snippet:-1","max-image-preview":"max-image-preview:large","max-video-preview":"max-video-preview:-1"},"canonical":"https:\/\/detinedame.cz\/","og_locale":"cs_CZ","og_type":"article","og_title":"- Na\u0161e d\u011bti v\u00e1m ned\u00e1me","og_description":"Vl\u00e1da chce zat\u00e1hnout \u010ceskou republiku do v\u00e1lky. My sv\u00e9 d\u011bti ned\u00e1me! D\u016fvody vzniku, p\u0159\u00edpravy evropsk\u00fdch st\u00e1t\u016f na v\u00e1lku a mnohem v\u00edc!","og_url":"https:\/\/detinedame.cz\/","og_site_name":"Na\u0161e d\u011bti v\u00e1m ned\u00e1me","article_modified_time":"2024-04-05T10:56:48+00:00","twitter_card":"summary_large_image","twitter_misc":{"Odhadovan\u00e1 doba \u010dten\u00ed":"1 minuta"},"schema":{"@context":"https:\/\/schema.org","@graph":[{"@type":"WebPage","@id":"https:\/\/detinedame.cz\/","url":"https:\/\/detinedame.cz\/","name":"- Na\u0161e d\u011bti v\u00e1m ned\u00e1me","isPartOf":{"@id":"https:\/\/detinedame.cz\/#website"},"datePublished":"2024-04-04T19:18:48+00:00","dateModified":"2024-04-05T10:56:48+00:00","description":"Vl\u00e1da chce zat\u00e1hnout \u010ceskou republiku do v\u00e1lky. My sv\u00e9 d\u011bti ned\u00e1me! D\u016fvody vzniku, p\u0159\u00edpravy evropsk\u00fdch st\u00e1t\u016f na v\u00e1lku a mnohem v\u00edc!","inLanguage":"cs","potentialAction":[{"@type":"ReadAction","target":["https:\/\/detinedame.cz\/"]}]},{"@type":"WebSite","@id":"https:\/\/detinedame.cz\/#website","url":"https:\/\/detinedame.cz\/","name":"Na\u0161e d\u011bti v\u00e1m ned\u00e1me","description":"Nedovol\u00edme vl\u00e1d\u011b \u010cR aktivn\u00ed zapojen\u00ed do v\u00e1lky na Ukrajin\u011b","potentialAction":[{"@type":"SearchAction","target":{"@type":"EntryPoint","urlTemplate":"https:\/\/detinedame.cz\/?s={search_term_string}"},"query-input":{"@type":"PropertyValueSpecification","valueRequired":true,"valueName":"search_term_string"}}],"inLanguage":"cs"}]}},"jetpack_sharing_enabled":true,"_links":{"self":[{"href":"https:\/\/detinedame.cz\/index.php?rest_route=\/wp\/v2\/pages\/9","targetHints":{"allow":["GET"]}}],"collection":[{"href":"https:\/\/detinedame.cz\/index.php?rest_route=\/wp\/v2\/pages"}],"about":[{"href":"https:\/\/detinedame.cz\/index.php?rest_route=\/wp\/v2\/types\/page"}],"author":[{"embeddable":true,"href":"https:\/\/detinedame.cz\/index.php?rest_route=\/wp\/v2\/users\/1"}],"replies":[{"embeddable":true,"href":"https:\/\/detinedame.cz\/index.php?rest_route=%2Fwp%2Fv2%2Fcomments&post=9"}],"version-history":[{"count":125,"href":"https:\/\/detinedame.cz\/index.php?rest_route=\/wp\/v2\/pages\/9\/revisions"}],"predecessor-version":[{"id":248,"href":"https:\/\/detinedame.cz\/index.php?rest_route=\/wp\/v2\/pages\/9\/revisions\/248"}],"wp:attachment":[{"href":"https:\/\/detinedame.cz\/index.php?rest_route=%2Fwp%2Fv2%2Fmedia&parent=9"}],"curies":[{"name":"wp","href":"https:\/\/api.w.org\/{rel}","templated":true}]}}